{"id":192,"date":"2025-08-11T05:45:33","date_gmt":"2025-08-11T05:45:33","guid":{"rendered":"https:\/\/fitnessfamily.ro\/?page_id=192"},"modified":"2025-12-28T03:26:30","modified_gmt":"2025-12-28T01:26:30","slug":"galeria-2","status":"publish","type":"page","link":"https:\/\/fitnessfamily.ro\/ro\/galeria-2\/","title":{"rendered":"Galerie"},"content":{"rendered":"<p>[et_pb_section fb_built=&#8221;1&#8243; admin_label=&#8221;Header&#8221; _builder_version=&#8221;4.27.4&#8243; background_image=&#8221;https:\/\/fitnessfamily.ro\/wp-content\/uploads\/2025\/08\/Galeria.webp&#8221; custom_padding=&#8221;8vw||8vw||true|false&#8221; locked=&#8221;off&#8221; global_colors_info=&#8221;{}&#8221;][et_pb_row _builder_version=&#8221;4.16&#8243; z_index=&#8221;20&#8243; locked=&#8221;off&#8221; global_colors_info=&#8221;{}&#8221;][et_pb_column type=&#8221;4_4&#8243; _builder_version=&#8221;4.16&#8243; global_colors_info=&#8221;{}&#8221;][et_pb_text _builder_version=&#8221;4.16&#8243; header_2_font=&#8221;Montserrat|900|on||||||&#8221; header_2_font_size=&#8221;112px&#8221; background_layout=&#8221;dark&#8221; max_width=&#8221;900px&#8221; custom_margin=&#8221;||||false|false&#8221; header_2_font_size_tablet=&#8221;56px&#8221; header_2_font_size_phone=&#8221;32px&#8221; header_2_font_size_last_edited=&#8221;on|desktop&#8221; locked=&#8221;off&#8221; global_colors_info=&#8221;{}&#8221;]<\/p>\n<h2>Gal\u00e9ria<\/h2>\n<p>[\/et_pb_text][\/et_pb_column][\/et_pb_row][et_pb_row _builder_version=&#8221;4.16&#8243; positioning=&#8221;absolute&#8221; position_origin_a=&#8221;bottom_right&#8221; width=&#8221;100%&#8221; max_width=&#8221;none&#8221; custom_padding=&#8221;0px||0px||true|&#8221; global_colors_info=&#8221;{}&#8221;][et_pb_column type=&#8221;4_4&#8243; _builder_version=&#8221;4.16&#8243; global_colors_info=&#8221;{}&#8221;][et_pb_image src=&#8221;https:\/\/fitnessfamily.ro\/wp-content\/uploads\/2025\/08\/fitness-coach-50-1.png&#8221; title_text=&#8221;fitness-coach-50&#8243; align=&#8221;right&#8221; _builder_version=&#8221;4.16&#8243; max_height=&#8221;400px&#8221; custom_margin=&#8221;||||false|false&#8221; global_colors_info=&#8221;{}&#8221;][\/et_pb_image][\/et_pb_column][\/et_pb_row][\/et_pb_section][et_pb_section fb_built=&#8221;1&#8243; _builder_version=&#8221;4.27.4&#8243; _module_preset=&#8221;default&#8221; custom_padding=&#8221;32px||5px|||&#8221; global_colors_info=&#8221;{}&#8221;][et_pb_row _builder_version=&#8221;4.27.4&#8243; _module_preset=&#8221;default&#8221; global_colors_info=&#8221;{}&#8221;][et_pb_column type=&#8221;4_4&#8243; _builder_version=&#8221;4.27.4&#8243; _module_preset=&#8221;default&#8221; global_colors_info=&#8221;{}&#8221;][et_pb_text _builder_version=&#8221;4.27.4&#8243; _module_preset=&#8221;default&#8221; text_font=&#8221;Montserrat|800|on||||||&#8221; text_text_color=&#8221;#0C71C3&#8243; text_font_size=&#8221;31px&#8221; text_line_height=&#8221;1.3em&#8221; global_colors_info=&#8221;{}&#8221;]<\/p>\n<p style=\"text-align: center;\">Inspir\u00e1l\u00f3dj \u00e9s v\u00e1ltozz velem otthon!<\/p>\n<p>[\/et_pb_text][\/et_pb_column][\/et_pb_row][\/et_pb_section][et_pb_section fb_built=&#8221;1&#8243; _builder_version=&#8221;4.27.4&#8243; _module_preset=&#8221;default&#8221; custom_padding=&#8221;25px|||||&#8221; global_colors_info=&#8221;{}&#8221;][et_pb_row module_class=&#8221;wpz-gallery-masonry&#8221; _builder_version=&#8221;4.27.4&#8243; _module_preset=&#8221;default&#8221; global_colors_info=&#8221;{}&#8221;][et_pb_column type=&#8221;4_4&#8243; _builder_version=&#8221;4.27.4&#8243; _module_preset=&#8221;default&#8221; global_colors_info=&#8221;{}&#8221;][et_pb_gallery gallery_ids=&#8221;205,206,207,208,209,210,211,212,213,214,215,216,217,218,219,220,221,222,223,224,225,226,227,228,229,230,231,232,233,234,235,236,237,238,239,240,241,242,243,244,245,246,247,248,249,250,251,252,253,254,255,256,257,258,259,260,261,262,263,264,265,266,267,268,269,270,271,272,273,274,275,276,277,278,279,280,281&#8243; posts_number=&#8221;52&#8243; show_title_and_caption=&#8221;off&#8221; show_pagination=&#8221;off&#8221; _builder_version=&#8221;4.27.4&#8243; _module_preset=&#8221;default&#8221; global_colors_info=&#8221;{}&#8221;][\/et_pb_gallery][\/et_pb_column][\/et_pb_row][et_pb_row _builder_version=&#8221;4.27.4&#8243; _module_preset=&#8221;default&#8221; global_colors_info=&#8221;{}&#8221;][et_pb_column type=&#8221;4_4&#8243; _builder_version=&#8221;4.27.4&#8243; _module_preset=&#8221;default&#8221; global_colors_info=&#8221;{}&#8221;][et_pb_text _builder_version=&#8221;4.27.4&#8243; _module_preset=&#8221;default&#8221; text_font=&#8221;Montserrat|800|on||||||&#8221; text_text_color=&#8221;#0C71C3&#8243; text_font_size=&#8221;31px&#8221; text_line_height=&#8221;1.3em&#8221; global_colors_info=&#8221;{}&#8221;]<\/p>\n<p style=\"text-align: center;\">Csatlakozz be a csoportos edz\u00e9seimre!<\/p>\n<p>[\/et_pb_text][\/et_pb_column][\/et_pb_row][et_pb_row module_class=&#8221;wpz-gallery-masonry&#8221; _builder_version=&#8221;4.27.4&#8243; _module_preset=&#8221;default&#8221; global_colors_info=&#8221;{}&#8221;][et_pb_column type=&#8221;4_4&#8243; _builder_version=&#8221;4.27.4&#8243; _module_preset=&#8221;default&#8221; global_colors_info=&#8221;{}&#8221;][et_pb_gallery gallery_ids=&#8221;286,287,288,289,290,291,292,293,294,295,296,297,298,299,300,301,302,303,304,305,306,307,308,309,310,311,312,313,314,315,316,317,318,319,320,321,322,323,324,325,326,327,328,329,330,331,332,333,334,335,336,337,338,339,340,341,342,343,344,345,346,347,348,349,350,351,352,353,354,355,356,357,358,359,360,361,362,363,364,365,366,367,368,369,370,371,372,373,374,375,376,377,378&#8243; posts_number=&#8221;52&#8243; show_title_and_caption=&#8221;off&#8221; show_pagination=&#8221;off&#8221; _builder_version=&#8221;4.27.4&#8243; _module_preset=&#8221;default&#8221; global_colors_info=&#8221;{}&#8221;][\/et_pb_gallery][\/et_pb_column][\/et_pb_row][\/et_pb_section][et_pb_section fb_built=&#8221;1&#8243; admin_label=&#8221;Subscribe&#8221; _builder_version=&#8221;4.27.4&#8243; use_background_color_gradient=&#8221;on&#8221; background_color_gradient_direction=&#8221;90deg&#8221; background_color_gradient_stops=&#8221;#84115a 50%|rgba(0,0,0,0) 50%&#8221; background_color_gradient_overlays_image=&#8221;on&#8221; background_color_gradient_start=&#8221;#3e22ff&#8221; background_color_gradient_start_position=&#8221;50%&#8221; background_color_gradient_end=&#8221;rgba(0,0,0,0)&#8221; background_color_gradient_end_position=&#8221;0%&#8221; background_image=&#8221;https:\/\/fitnessfamily.ro\/wp-content\/uploads\/2025\/07\/footerhome2.webp&#8221; overflow-x=&#8221;hidden&#8221; overflow-y=&#8221;hidden&#8221; custom_margin=&#8221;||||false|false&#8221; custom_padding=&#8221;||0px|||&#8221; box_shadow_style=&#8221;preset7&#8243; box_shadow_horizontal=&#8221;0px&#8221; box_shadow_vertical=&#8221;-240px&#8221; box_shadow_color=&#8221;#ffffff&#8221; global_colors_info=&#8221;{}&#8221;][et_pb_row _builder_version=&#8221;4.16&#8243; custom_margin=&#8221;50px||||false|false&#8221; global_colors_info=&#8221;{}&#8221;][et_pb_column type=&#8221;4_4&#8243; _builder_version=&#8221;4.16&#8243; global_colors_info=&#8221;{}&#8221;][et_pb_text _builder_version=&#8221;4.16&#8243; text_font_size=&#8221;160px&#8221; header_2_font=&#8221;Montserrat|900|on||||||&#8221; header_2_font_size=&#8221;160px&#8221; background_layout=&#8221;dark&#8221; scroll_vertical_motion_enable=&#8221;on&#8221; scroll_vertical_motion=&#8221;0|100|100|100|4|0|0&#8243; text_font_size_tablet=&#8221;80px&#8221; text_font_size_phone=&#8221;&#8221; text_font_size_last_edited=&#8221;on|phone&#8221; header_2_font_size_tablet=&#8221;80px&#8221; header_2_font_size_phone=&#8221;48px&#8221; header_2_font_size_last_edited=&#8221;on|tablet&#8221; global_colors_info=&#8221;{}&#8221;]<\/p>\n<h2>Kezdd el most<\/h2>\n<p>[\/et_pb_text][\/et_pb_column][\/et_pb_row][et_pb_row _builder_version=&#8221;4.16&#8243; background_enable_color=&#8221;off&#8221; z_index=&#8221;10&#8243; global_colors_info=&#8221;{}&#8221;][et_pb_column type=&#8221;4_4&#8243; _builder_version=&#8221;4.16&#8243; global_colors_info=&#8221;{}&#8221;][et_pb_text _builder_version=&#8221;4.27.4&#8243; header_2_font=&#8221;Montserrat|900|on||||||&#8221; header_2_text_color=&#8221;#000000&#8243; header_2_font_size=&#8221;37px&#8221; header_2_line_height=&#8221;1.2em&#8221; background_color=&#8221;#ffffff&#8221; max_width=&#8221;640px&#8221; custom_padding=&#8221;50px|50px|150px|50px|false|true&#8221; custom_padding_tablet=&#8221;40px|30px||30px|false|true&#8221; custom_padding_phone=&#8221;30px|20px||20px|false|true&#8221; custom_padding_last_edited=&#8221;on|phone&#8221; scroll_horizontal_motion_enable=&#8221;on&#8221; scroll_horizontal_motion=&#8221;0|50|50|100|2|0|0&#8243; header_2_font_size_tablet=&#8221;36px&#8221; header_2_font_size_phone=&#8221;24px&#8221; header_2_font_size_last_edited=&#8221;on|tablet&#8221; box_shadow_style=&#8221;preset2&#8243; box_shadow_horizontal=&#8221;0px&#8221; box_shadow_vertical=&#8221;25px&#8221; box_shadow_blur=&#8221;85px&#8221; global_colors_info=&#8221;{}&#8221;]<\/p>\n<h2>Iratkozz fel, \u00e9s \u00e9rtes\u00fclj a friss edz\u00e9sekr\u0151l!<\/h2>\n<p>[\/et_pb_text][et_pb_signup mailchimp_list=&#8221;Fitness Family|c7cd7bcbad&#8221; layout=&#8221;top_bottom&#8221; first_name_field=&#8221;off&#8221; last_name_field=&#8221;off&#8221; button_text=&#8221;Feliratkozom&#8221; _builder_version=&#8221;4.27.4&#8243; body_font=&#8221;Montserrat||||||||&#8221; body_font_size=&#8221;16px&#8221; body_line_height=&#8221;1.8em&#8221; background_color=&#8221;#000000&#8243; custom_button=&#8221;on&#8221; button_text_size=&#8221;14px&#8221; button_bg_color=&#8221;#84115a&#8221; button_border_color=&#8221;rgba(0,0,0,0)&#8221; button_border_radius=&#8221;0px&#8221; button_letter_spacing=&#8221;2px&#8221; button_font=&#8221;Montserrat|700||on|||||&#8221; button_icon=&#8221;&#x24;||divi||400&#8243; button_custom_padding=&#8221;15px|40px|15px|40px|true|true&#8221; max_width=&#8221;600px&#8221; max_width_tablet=&#8221;500px&#8221; max_width_phone=&#8221;&#8221; max_width_last_edited=&#8221;on|phone&#8221; module_alignment=&#8221;center&#8221; custom_margin=&#8221;-130px||||false|false&#8221; custom_padding=&#8221;40px|50px|60px|50px|false|true&#8221; scroll_scaling_enable=&#8221;on&#8221; motion_trigger_start=&#8221;top&#8221; hover_enabled=&#8221;0&#8243; border_radii_fields=&#8221;on|0px|0px|0px|0px&#8221; locked=&#8221;off&#8221; global_colors_info=&#8221;{}&#8221; sticky_enabled=&#8221;0&#8243;][\/et_pb_signup][\/et_pb_column][\/et_pb_row][\/et_pb_section][et_pb_section fb_built=&#8221;1&#8243; admin_label=&#8221;Footer&#8221; _builder_version=&#8221;4.16&#8243; global_colors_info=&#8221;{}&#8221; theme_builder_area=&#8221;post_content&#8221;][et_pb_row column_structure=&#8221;1_3,1_3,1_3&#8243; _builder_version=&#8221;4.16&#8243; global_colors_info=&#8221;{}&#8221; theme_builder_area=&#8221;post_content&#8221;][et_pb_column type=&#8221;1_3&#8243; _builder_version=&#8221;4.16&#8243; global_colors_info=&#8221;{}&#8221; theme_builder_area=&#8221;post_content&#8221;][et_pb_text _builder_version=&#8221;4.27.4&#8243; text_font=&#8221;Montserrat||||||||&#8221; text_font_size=&#8221;16px&#8221; text_line_height=&#8221;1.8em&#8221; header_4_font=&#8221;Montserrat|700|||||||&#8221; header_4_line_height=&#8221;1.8em&#8221; text_font_size_tablet=&#8221;15px&#8221; text_font_size_phone=&#8221;14px&#8221; text_font_size_last_edited=&#8221;on|phone&#8221; global_colors_info=&#8221;{}&#8221; theme_builder_area=&#8221;post_content&#8221;]<\/p>\n<h4>C\u00edm<\/h4>\n<p>457260 <span>Szil\u00e1gynagyfalu<\/span><br \/>Pet\u0151fi S\u00e1ndor utca 101-102,<br \/>Szil\u00e1gy megye\u00a0<\/p>\n<p>[\/et_pb_text][\/et_pb_column][et_pb_column type=&#8221;1_3&#8243; _builder_version=&#8221;4.16&#8243; global_colors_info=&#8221;{}&#8221; theme_builder_area=&#8221;post_content&#8221;][et_pb_text _builder_version=&#8221;4.27.4&#8243; text_font=&#8221;Montserrat||||||||&#8221; text_font_size=&#8221;16px&#8221; text_line_height=&#8221;1.8em&#8221; header_4_font=&#8221;Montserrat|700|||||||&#8221; header_4_line_height=&#8221;1.8em&#8221; text_font_size_tablet=&#8221;15px&#8221; text_font_size_phone=&#8221;14px&#8221; text_font_size_last_edited=&#8221;on|phone&#8221; locked=&#8221;off&#8221; global_colors_info=&#8221;{}&#8221; theme_builder_area=&#8221;post_content&#8221;]<\/p>\n<h4>Kapcsolat<\/h4>\n<p><span>Tel: <a href=\"tel:0741760955\">+40 741 760 955<\/a><br \/>Whatsapp <a href=\"https:\/\/wa.me\/+40741760955\" target=\"_blank\" rel=\"noopener\">\u00fczenet\u00e9rt kattins<\/a><br \/><\/span>office@fitnessfamily.ro<\/p>\n<p>[\/et_pb_text][\/et_pb_column][et_pb_column type=&#8221;1_3&#8243; _builder_version=&#8221;4.16&#8243; global_colors_info=&#8221;{}&#8221; theme_builder_area=&#8221;post_content&#8221;][et_pb_text _builder_version=&#8221;4.27.4&#8243; header_4_font=&#8221;Montserrat|700|||||||&#8221; header_4_line_height=&#8221;1.8em&#8221; custom_margin=&#8221;||0px||false|false&#8221; locked=&#8221;off&#8221; global_colors_info=&#8221;{}&#8221; theme_builder_area=&#8221;post_content&#8221;]<\/p>\n<h4>K\u00f6vess be<\/h4>\n<p>[\/et_pb_text][et_pb_social_media_follow icon_color=&#8221;#000000&#8243; _builder_version=&#8221;4.27.4&#8243; global_colors_info=&#8221;{}&#8221; theme_builder_area=&#8221;post_content&#8221;][et_pb_social_media_follow_network social_network=&#8221;facebook&#8221; url=&#8221;https:\/\/www.facebook.com\/mozogjszilagynagyfalu&#8221; _builder_version=&#8221;4.27.4&#8243; background_enable_color=&#8221;off&#8221; global_colors_info=&#8221;{}&#8221; theme_builder_area=&#8221;post_content&#8221; follow_button=&#8221;off&#8221; url_new_window=&#8221;on&#8221;]facebook[\/et_pb_social_media_follow_network][et_pb_social_media_follow_network social_network=&#8221;instagram&#8221; url=&#8221;https:\/\/www.instagram.com\/eva_kocsis\/&#8221; _builder_version=&#8221;4.27.4&#8243; background_color=&#8221;#ea2c59&#8243; background_enable_color=&#8221;off&#8221; global_colors_info=&#8221;{}&#8221; theme_builder_area=&#8221;post_content&#8221; follow_button=&#8221;off&#8221; url_new_window=&#8221;on&#8221;]instagram[\/et_pb_social_media_follow_network][\/et_pb_social_media_follow][\/et_pb_column][\/et_pb_row][\/et_pb_section]<\/p>\n","protected":false},"excerpt":{"rendered":"<p>Gal\u00e9riaInspir\u00e1l\u00f3dj \u00e9s v\u00e1ltozz velem otthon!Csatlakozz be a csoportos edz\u00e9seimre!Kezdd el mostIratkozz fel, \u00e9s \u00e9rtes\u00fclj a friss edz\u00e9sekr\u0151l!C\u00edm 457260 Szil\u00e1gynagyfaluPet\u0151fi S\u00e1ndor utca 101-102,Szil\u00e1gy megye\u00a0Kapcsolat Tel: +40 741 760 955Whatsapp \u00fczenet\u00e9rt kattinsoffice@fitnessfamily.roK\u00f6vess be<\/p>","protected":false},"author":1,"featured_media":0,"parent":0,"menu_order":0,"comment_status":"closed","ping_status":"closed","template":"","meta":{"_et_pb_use_builder":"on","_et_pb_old_content":"","_et_gb_content_width":"","pmpro_default_level":"","footnotes":""},"dipi_cpt_category":[],"class_list":["post-192","page","type-page","status-publish","hentry","pmpro-has-access"],"yoast_head":"<!-- This site is optimized with the Yoast SEO plugin v27.2 - https:\/\/yoast.com\/product\/yoast-seo-wordpress\/ -->\n<title>Gal\u00e9ria - Fitness Family<\/title>\n<meta name=\"robots\" content=\"index, follow, max-snippet:-1, max-image-preview:large, max-video-preview:-1\" \/>\n<link rel=\"canonical\" href=\"https:\/\/fitnessfamily.ro\/ro\/galeria-2\/\" \/>\n<meta property=\"og:locale\" content=\"ro_RO\" \/>\n<meta property=\"og:type\" content=\"article\" \/>\n<meta property=\"og:title\" content=\"Gal\u00e9ria - Fitness Family\" \/>\n<meta property=\"og:description\" content=\"Gal\u00e9riaInspir\u00e1l\u00f3dj \u00e9s v\u00e1ltozz velem otthon!Csatlakozz be a csoportos edz\u00e9seimre!Kezdd el mostIratkozz fel, \u00e9s \u00e9rtes\u00fclj a friss edz\u00e9sekr\u0151l!C\u00edm 457260 Szil\u00e1gynagyfaluPet\u0151fi S\u00e1ndor utca 101-102,Szil\u00e1gy megye\u00a0Kapcsolat Tel: +40 741 760 955Whatsapp \u00fczenet\u00e9rt kattinsoffice@fitnessfamily.roK\u00f6vess be\" \/>\n<meta property=\"og:url\" content=\"https:\/\/fitnessfamily.ro\/ro\/galeria-2\/\" \/>\n<meta property=\"og:site_name\" content=\"Fitness Family\" \/>\n<meta property=\"article:publisher\" content=\"https:\/\/www.facebook.com\/mozogjszilagynagyfalu\" \/>\n<meta property=\"article:modified_time\" content=\"2025-12-28T01:26:30+00:00\" \/>\n<meta name=\"twitter:card\" content=\"summary_large_image\" \/>\n<meta name=\"twitter:label1\" content=\"Timp estimat pentru citire\" \/>\n\t<meta name=\"twitter:data1\" content=\"7 minute\" \/>\n<script type=\"application\/ld+json\" class=\"yoast-schema-graph\">{\"@context\":\"https:\/\/schema.org\",\"@graph\":[{\"@type\":\"WebPage\",\"@id\":\"https:\/\/fitnessfamily.ro\/galeria-2\/\",\"url\":\"https:\/\/fitnessfamily.ro\/galeria-2\/\",\"name\":\"Gal\u00e9ria - Fitness Family\",\"isPartOf\":{\"@id\":\"https:\/\/fitnessfamily.ro\/#website\"},\"datePublished\":\"2025-08-11T05:45:33+00:00\",\"dateModified\":\"2025-12-28T01:26:30+00:00\",\"breadcrumb\":{\"@id\":\"https:\/\/fitnessfamily.ro\/galeria-2\/#breadcrumb\"},\"inLanguage\":\"ro-RO\",\"potentialAction\":[{\"@type\":\"ReadAction\",\"target\":[\"https:\/\/fitnessfamily.ro\/galeria-2\/\"]}]},{\"@type\":\"BreadcrumbList\",\"@id\":\"https:\/\/fitnessfamily.ro\/galeria-2\/#breadcrumb\",\"itemListElement\":[{\"@type\":\"ListItem\",\"position\":1,\"name\":\"Kezd\u0151lap\",\"item\":\"https:\/\/fitnessfamily.ro\/\"},{\"@type\":\"ListItem\",\"position\":2,\"name\":\"Gal\u00e9ria\"}]},{\"@type\":\"WebSite\",\"@id\":\"https:\/\/fitnessfamily.ro\/#website\",\"url\":\"https:\/\/fitnessfamily.ro\/\",\"name\":\"Fitness Family\",\"description\":\"Vide\u00f3s edz\u00e9stervek \u00e9s csoportos edz\u00e9sek Kocsis \u00c9v\u00e1val\",\"publisher\":{\"@id\":\"https:\/\/fitnessfamily.ro\/#organization\"},\"potentialAction\":[{\"@type\":\"SearchAction\",\"target\":{\"@type\":\"EntryPoint\",\"urlTemplate\":\"https:\/\/fitnessfamily.ro\/?s={search_term_string}\"},\"query-input\":{\"@type\":\"PropertyValueSpecification\",\"valueRequired\":true,\"valueName\":\"search_term_string\"}}],\"inLanguage\":\"ro-RO\"},{\"@type\":\"Organization\",\"@id\":\"https:\/\/fitnessfamily.ro\/#organization\",\"name\":\"Fitness Family\",\"url\":\"https:\/\/fitnessfamily.ro\/\",\"logo\":{\"@type\":\"ImageObject\",\"inLanguage\":\"ro-RO\",\"@id\":\"https:\/\/fitnessfamily.ro\/#\/schema\/logo\/image\/\",\"url\":\"https:\/\/fitnessfamily.ro\/wp-content\/uploads\/2025\/06\/Logo-FitnessFamily.webp\",\"contentUrl\":\"https:\/\/fitnessfamily.ro\/wp-content\/uploads\/2025\/06\/Logo-FitnessFamily.webp\",\"width\":600,\"height\":127,\"caption\":\"Fitness Family\"},\"image\":{\"@id\":\"https:\/\/fitnessfamily.ro\/#\/schema\/logo\/image\/\"},\"sameAs\":[\"https:\/\/www.facebook.com\/mozogjszilagynagyfalu\"]}]}<\/script>\n<!-- \/ Yoast SEO plugin. -->","yoast_head_json":{"title":"Gal\u00e9ria - Fitness Family","robots":{"index":"index","follow":"follow","max-snippet":"max-snippet:-1","max-image-preview":"max-image-preview:large","max-video-preview":"max-video-preview:-1"},"canonical":"https:\/\/fitnessfamily.ro\/ro\/galeria-2\/","og_locale":"ro_RO","og_type":"article","og_title":"Gal\u00e9ria - Fitness Family","og_description":"Gal\u00e9riaInspir\u00e1l\u00f3dj \u00e9s v\u00e1ltozz velem otthon!Csatlakozz be a csoportos edz\u00e9seimre!Kezdd el mostIratkozz fel, \u00e9s \u00e9rtes\u00fclj a friss edz\u00e9sekr\u0151l!C\u00edm 457260 Szil\u00e1gynagyfaluPet\u0151fi S\u00e1ndor utca 101-102,Szil\u00e1gy megye\u00a0Kapcsolat Tel: +40 741 760 955Whatsapp \u00fczenet\u00e9rt kattinsoffice@fitnessfamily.roK\u00f6vess be","og_url":"https:\/\/fitnessfamily.ro\/ro\/galeria-2\/","og_site_name":"Fitness Family","article_publisher":"https:\/\/www.facebook.com\/mozogjszilagynagyfalu","article_modified_time":"2025-12-28T01:26:30+00:00","twitter_card":"summary_large_image","twitter_misc":{"Timp estimat pentru citire":"7 minute"},"schema":{"@context":"https:\/\/schema.org","@graph":[{"@type":"WebPage","@id":"https:\/\/fitnessfamily.ro\/galeria-2\/","url":"https:\/\/fitnessfamily.ro\/galeria-2\/","name":"Gal\u00e9ria - Fitness Family","isPartOf":{"@id":"https:\/\/fitnessfamily.ro\/#website"},"datePublished":"2025-08-11T05:45:33+00:00","dateModified":"2025-12-28T01:26:30+00:00","breadcrumb":{"@id":"https:\/\/fitnessfamily.ro\/galeria-2\/#breadcrumb"},"inLanguage":"ro-RO","potentialAction":[{"@type":"ReadAction","target":["https:\/\/fitnessfamily.ro\/galeria-2\/"]}]},{"@type":"BreadcrumbList","@id":"https:\/\/fitnessfamily.ro\/galeria-2\/#breadcrumb","itemListElement":[{"@type":"ListItem","position":1,"name":"Kezd\u0151lap","item":"https:\/\/fitnessfamily.ro\/"},{"@type":"ListItem","position":2,"name":"Gal\u00e9ria"}]},{"@type":"WebSite","@id":"https:\/\/fitnessfamily.ro\/#website","url":"https:\/\/fitnessfamily.ro\/","name":"Fitness Family","description":"Vide\u00f3s edz\u00e9stervek \u00e9s csoportos edz\u00e9sek Kocsis \u00c9v\u00e1val","publisher":{"@id":"https:\/\/fitnessfamily.ro\/#organization"},"potentialAction":[{"@type":"SearchAction","target":{"@type":"EntryPoint","urlTemplate":"https:\/\/fitnessfamily.ro\/?s={search_term_string}"},"query-input":{"@type":"PropertyValueSpecification","valueRequired":true,"valueName":"search_term_string"}}],"inLanguage":"ro-RO"},{"@type":"Organization","@id":"https:\/\/fitnessfamily.ro\/#organization","name":"Fitness Family","url":"https:\/\/fitnessfamily.ro\/","logo":{"@type":"ImageObject","inLanguage":"ro-RO","@id":"https:\/\/fitnessfamily.ro\/#\/schema\/logo\/image\/","url":"https:\/\/fitnessfamily.ro\/wp-content\/uploads\/2025\/06\/Logo-FitnessFamily.webp","contentUrl":"https:\/\/fitnessfamily.ro\/wp-content\/uploads\/2025\/06\/Logo-FitnessFamily.webp","width":600,"height":127,"caption":"Fitness Family"},"image":{"@id":"https:\/\/fitnessfamily.ro\/#\/schema\/logo\/image\/"},"sameAs":["https:\/\/www.facebook.com\/mozogjszilagynagyfalu"]}]}},"_links":{"self":[{"href":"https:\/\/fitnessfamily.ro\/ro\/wp-json\/wp\/v2\/pages\/192","targetHints":{"allow":["GET"]}}],"collection":[{"href":"https:\/\/fitnessfamily.ro\/ro\/wp-json\/wp\/v2\/pages"}],"about":[{"href":"https:\/\/fitnessfamily.ro\/ro\/wp-json\/wp\/v2\/types\/page"}],"author":[{"embeddable":true,"href":"https:\/\/fitnessfamily.ro\/ro\/wp-json\/wp\/v2\/users\/1"}],"replies":[{"embeddable":true,"href":"https:\/\/fitnessfamily.ro\/ro\/wp-json\/wp\/v2\/comments?post=192"}],"version-history":[{"count":7,"href":"https:\/\/fitnessfamily.ro\/ro\/wp-json\/wp\/v2\/pages\/192\/revisions"}],"predecessor-version":[{"id":592,"href":"https:\/\/fitnessfamily.ro\/ro\/wp-json\/wp\/v2\/pages\/192\/revisions\/592"}],"wp:attachment":[{"href":"https:\/\/fitnessfamily.ro\/ro\/wp-json\/wp\/v2\/media?parent=192"}],"wp:term":[{"taxonomy":"dipi_cpt_category","embeddable":true,"href":"https:\/\/fitnessfamily.ro\/ro\/wp-json\/wp\/v2\/dipi_cpt_category?post=192"}],"curies":[{"name":"wp","href":"https:\/\/api.w.org\/{rel}","templated":true}]}}