{"id":641,"date":"2025-12-29T13:12:34","date_gmt":"2025-12-29T11:12:34","guid":{"rendered":"https:\/\/fitnessfamily.ro\/?page_id=641"},"modified":"2025-12-29T13:21:39","modified_gmt":"2025-12-29T11:21:39","slug":"hogyan-mukodik","status":"publish","type":"page","link":"https:\/\/fitnessfamily.ro\/ro\/hogyan-mukodik\/","title":{"rendered":"Hogyan m\u0171k\u00f6dik?"},"content":{"rendered":"<p>[et_pb_section fb_built=&#8221;1&#8243; theme_builder_area=&#8221;post_content&#8221; _builder_version=&#8221;4.27.4&#8243; _module_preset=&#8221;default&#8221;][et_pb_row _builder_version=&#8221;4.27.4&#8243; _module_preset=&#8221;default&#8221; theme_builder_area=&#8221;post_content&#8221;][et_pb_column _builder_version=&#8221;4.27.4&#8243; _module_preset=&#8221;default&#8221; type=&#8221;4_4&#8243; theme_builder_area=&#8221;post_content&#8221;][et_pb_text _builder_version=&#8221;4.27.4&#8243; _module_preset=&#8221;default&#8221; theme_builder_area=&#8221;post_content&#8221; header_font=&#8221;Montserrat|800|on||||||&#8221; text_orientation=&#8221;center&#8221; header_font_size=&#8221;36px&#8221; header_text_color=&#8221;#ce1c8a&#8221; hover_enabled=&#8221;0&#8243; sticky_enabled=&#8221;0&#8243;]<\/p>\n<h1>Gyakori k\u00e9rd\u00e9sek<\/h1>\n<p>[\/et_pb_text][\/et_pb_column][\/et_pb_row][et_pb_row _builder_version=&#8221;4.27.4&#8243; _module_preset=&#8221;default&#8221; theme_builder_area=&#8221;post_content&#8221; hover_enabled=&#8221;0&#8243; sticky_enabled=&#8221;0&#8243;][et_pb_column _builder_version=&#8221;4.27.4&#8243; _module_preset=&#8221;default&#8221; type=&#8221;4_4&#8243; theme_builder_area=&#8221;post_content&#8221;][et_pb_toggle title=&#8221;Hogyan m\u0171k\u00f6dik a Fitness Family?&#8221; _builder_version=&#8221;4.27.4&#8243; _module_preset=&#8221;default&#8221; theme_builder_area=&#8221;post_content&#8221; sticky_enabled=&#8221;0&#8243; closed_toggle_background_color=&#8221;#bf0082&#8243; closed_toggle_text_color=&#8221;#FFFFFF&#8221; title_font=&#8221;Montserrat|800|on||||||&#8221;]<\/p>\n<p dir=\"auto\" node=\"[object Object]\">A Fitness Family online vide\u00f3s edz\u00e9sprogramokat k\u00edn\u00e1l. H\u00e1rom csomag k\u00f6z\u00fcl v\u00e1laszthatsz:<\/p>\n<ul dir=\"auto\" node=\"[object Object]\">\n<li node=\"[object Object]\">1 h\u00f3napos hozz\u00e1f\u00e9r\u00e9s<\/li>\n<li node=\"[object Object]\">3 h\u00f3napos hozz\u00e1f\u00e9r\u00e9s<\/li>\n<li node=\"[object Object]\">1 \u00e9ves hozz\u00e1f\u00e9r\u00e9s<\/li>\n<\/ul>\n<p dir=\"auto\" node=\"[object Object]\">V\u00e1s\u00e1rl\u00e1s ut\u00e1n azonnal kapsz egy saj\u00e1t fi\u00f3kot, amivel bejelentkezve b\u00e1rmikor el\u00e9rheted a vide\u00f3kat a \u201eVide\u00f3edz\u00e9sek\u201d oldalon (csak a v\u00e1s\u00e1rl\u00e1s ut\u00e1n jelenik meg). A hozz\u00e1f\u00e9r\u00e9s a v\u00e1s\u00e1rl\u00e1s napj\u00e1t\u00f3l sz\u00e1m\u00edtva pontosan a v\u00e1lasztott id\u0151tartamig tart, ut\u00e1na automatikusan lej\u00e1r.<\/p>\n<p>[\/et_pb_toggle][et_pb_toggle title=&#8221;Hogyan tudok v\u00e1s\u00e1rolni?&#8221; _builder_version=&#8221;4.27.4&#8243; _module_preset=&#8221;default&#8221; theme_builder_area=&#8221;post_content&#8221; hover_enabled=&#8221;0&#8243; sticky_enabled=&#8221;0&#8243; closed_toggle_background_color=&#8221;#bf0082&#8243; closed_toggle_text_color=&#8221;#FFFFFF&#8221; title_font=&#8221;Montserrat|800|on||||||&#8221;]<\/p>\n<ul>\n<li node=\"[object Object]\">V\u00e1laszd ki a k\u00edv\u00e1nt csomagot.<\/li>\n<li node=\"[object Object]\">Tedd a kos\u00e1rba, majd menj a p\u00e9nzt\u00e1rhoz.<\/li>\n<li node=\"[object Object]\">Add meg az adataidat \u2013 v\u00e1s\u00e1rl\u00e1skor automatikusan l\u00e9trej\u00f6n egy fi\u00f3k az e-mail c\u00edmeddel.<\/li>\n<li node=\"[object Object]\">Fizess bankk\u00e1rty\u00e1val (Stripe \u2013 biztons\u00e1gos).<\/li>\n<li node=\"[object Object]\">Fizet\u00e9s ut\u00e1n e-mailben megkapod a visszaigazol\u00e1st \u00e9s a fi\u00f3kadataidat.<\/li>\n<li node=\"[object Object]\">Jelentkezz be, \u00e9s m\u00e1r n\u00e9zheted is a vide\u00f3kat!<\/li>\n<\/ul>\n<p>[\/et_pb_toggle][et_pb_toggle title=&#8221;Kell k\u00fcl\u00f6n regisztr\u00e1lnom a v\u00e1s\u00e1rl\u00e1s el\u0151tt?&#8221; _builder_version=&#8221;4.27.4&#8243; _module_preset=&#8221;default&#8221; theme_builder_area=&#8221;post_content&#8221; sticky_enabled=&#8221;0&#8243; closed_toggle_background_color=&#8221;#bf0082&#8243; closed_toggle_text_color=&#8221;#FFFFFF&#8221; title_font=&#8221;Montserrat|800|on||||||&#8221;]<\/p>\n<p dir=\"auto\">Alapvet\u0151en nem, mert a v\u00e1s\u00e1rl\u00e1s sor\u00e1n automatikusan l\u00e9trej\u00f6n a fi\u00f3kod. Regisztr\u00e1lhatsz k\u00fcl\u00f6n is, de a vide\u00f3edz\u00e9sek csak egy csomag megv\u00e1s\u00e1rl\u00e1sa ut\u00e1n lesznek el\u00e9rhet\u0151ek.\u00a0<\/p>\n<p>[\/et_pb_toggle][et_pb_toggle title=&#8221;Hogyan f\u00e9rhetek hozz\u00e1 a vide\u00f3khoz?&#8221; _builder_version=&#8221;4.27.4&#8243; _module_preset=&#8221;default&#8221; theme_builder_area=&#8221;post_content&#8221; sticky_enabled=&#8221;0&#8243; closed_toggle_background_color=&#8221;#bf0082&#8243; closed_toggle_text_color=&#8221;#FFFFFF&#8221; title_font=&#8221;Montserrat|800|on||||||&#8221;]<\/p>\n<p dir=\"auto\">Bejelentkez\u00e9s ut\u00e1n kattints a men\u00fcben az \u201eEdz\u00e9svide\u00f3k\u201d gombra. Ott tal\u00e1lod az \u00f6sszes vide\u00f3t. Mobilon \u00e9s sz\u00e1m\u00edt\u00f3g\u00e9pen egyar\u00e1nt m\u0171k\u00f6dik. A vide\u00f3k let\u00f6lt\u00e9s\u00e9t nem t\u00e1mogatjuk, ez\u00e9rt minden esetben internet kapcsolatra lesz sz\u00fcks\u00e9g!<\/p>\n<p>[\/et_pb_toggle][et_pb_toggle title=&#8221;Hogyan tudok \u00e9l\u0151 Online edz\u00e9seken r\u00e9szt venni?&#8221; _builder_version=&#8221;4.27.4&#8243; _module_preset=&#8221;default&#8221; theme_builder_area=&#8221;post_content&#8221; sticky_enabled=&#8221;0&#8243; closed_toggle_background_color=&#8221;#bf0082&#8243; closed_toggle_text_color=&#8221;#FFFFFF&#8221; title_font=&#8221;Montserrat|800|on||||||&#8221;]<\/p>\n<p dir=\"auto\">Az \u201eEdz\u00e9svide\u00f3k\u201d gombra kattintva hozz\u00e1f\u00e9rsz a VIP priv\u00e1t Facebook csoport el\u00e9rhet\u0151s\u00e9g\u00e9hez egy kattint\u00e1sra, vagy a QR k\u00f3dot beolvasva. Miut\u00e1n elk\u00fcldted a jelentkez\u00e9sed ebbe a facebook csoportba, ellen\u0151rizz\u00fck a tags\u00e1god, \u00e9s j\u00f3v\u00e1hagyjuk a jelentkez\u00e9sed, \u00edgy minden \u00e9l\u0151 tartalomhoz hozz\u00e1f\u00e9rhetsz. B\u00e1rmelyik fizet\u0151s csomag feljogos\u00edt t\u00e9ged arra, hogy r\u00e9sze legy\u00e9l a VIP Facebook csoportnak.<\/p>\n<p>[\/et_pb_toggle][et_pb_toggle title=&#8221;Le tudom t\u00f6lteni a vide\u00f3kat?&#8221; _builder_version=&#8221;4.27.4&#8243; _module_preset=&#8221;default&#8221; theme_builder_area=&#8221;post_content&#8221; sticky_enabled=&#8221;0&#8243; closed_toggle_background_color=&#8221;#bf0082&#8243; closed_toggle_text_color=&#8221;#FFFFFF&#8221; title_font=&#8221;Montserrat|800|on||||||&#8221;]<\/p>\n<p dir=\"auto\">Nem, a vide\u00f3k csak online, az oldalon bel\u00fcl n\u00e9zhet\u0151k meg. Ez v\u00e9di a tartalmat, \u00e9s biztos\u00edtja, hogy mindig a legfrissebb verzi\u00f3t l\u00e1sd.\u00a0<\/p>\n<p>[\/et_pb_toggle][et_pb_toggle title=&#8221;Visszakaphatom a p\u00e9nzem, ha meggondolom magam?&#8221; _builder_version=&#8221;4.27.4&#8243; _module_preset=&#8221;default&#8221; theme_builder_area=&#8221;post_content&#8221; sticky_enabled=&#8221;0&#8243; closed_toggle_background_color=&#8221;#bf0082&#8243; closed_toggle_text_color=&#8221;#FFFFFF&#8221; title_font=&#8221;Montserrat|800|on||||||&#8221;]<\/p>\n<p dir=\"auto\">Mivel digit\u00e1lis tartalomr\u00f3l van sz\u00f3, \u00e9s a v\u00e1s\u00e1rl\u00e1s ut\u00e1n azonnal hozz\u00e1f\u00e9rsz a vide\u00f3khoz, ez\u00e9rt a t\u00f6rv\u00e9ny szerint nincs el\u00e1ll\u00e1si jog. K\u00e9r\u00fcnk, v\u00e1s\u00e1rl\u00e1s el\u0151tt gy\u0151z\u0151dj meg r\u00f3la, hogy a megfelel\u0151 csomagot v\u00e1lasztottad. Ha b\u00e1rmilyen technikai probl\u00e9m\u00e1ba \u00fctk\u00f6z\u00f6l, jelezd fel\u00e9nk \u00e9s azonnal orvosoljuk!<\/p>\n<p>[\/et_pb_toggle][et_pb_toggle title=&#8221;Biztons\u00e1gos a fizet\u00e9s? &#8221; _builder_version=&#8221;4.27.4&#8243; _module_preset=&#8221;default&#8221; theme_builder_area=&#8221;post_content&#8221; sticky_enabled=&#8221;0&#8243; closed_toggle_background_color=&#8221;#bf0082&#8243; closed_toggle_text_color=&#8221;#FFFFFF&#8221; title_font=&#8221;Montserrat|800|on||||||&#8221;]<\/p>\n<p dir=\"auto\">Igen, a fizet\u00e9st a Stripe nemzetk\u00f6zi szolg\u00e1ltat\u00f3 kezeli, amely banki szint\u0171 titkos\u00edt\u00e1st haszn\u00e1l. Mi nem t\u00e1roljuk a k\u00e1rtyaadataidat.<\/p>\n<p>[\/et_pb_toggle][et_pb_toggle title=&#8221;Mi van, ha technikai probl\u00e9m\u00e1m van?&#8221; _builder_version=&#8221;4.27.4&#8243; _module_preset=&#8221;default&#8221; theme_builder_area=&#8221;post_content&#8221; sticky_enabled=&#8221;0&#8243; closed_toggle_background_color=&#8221;#bf0082&#8243; closed_toggle_text_color=&#8221;#FFFFFF&#8221; title_font=&#8221;Montserrat|800|on||||||&#8221;]<\/p>\n<p dir=\"auto\">\u00cdrj nek\u00fcnk az office@fitnessfamily.ro c\u00edmre vagy h\u00edvj minket a +40 741 760 955 sz\u00e1mon \u2013 sz\u00edvesen seg\u00edt\u00fcnk!<\/p>\n<p>[\/et_pb_toggle][\/et_pb_column][\/et_pb_row][\/et_pb_section]<\/p>\n","protected":false},"excerpt":{"rendered":"<p>Gyakori k\u00e9rd\u00e9sekA Fitness Family online vide\u00f3s edz\u00e9sprogramokat k\u00edn\u00e1l. H\u00e1rom csomag k\u00f6z\u00fcl v\u00e1laszthatsz: 1 h\u00f3napos hozz\u00e1f\u00e9r\u00e9s 3 h\u00f3napos hozz\u00e1f\u00e9r\u00e9s 1 \u00e9ves hozz\u00e1f\u00e9r\u00e9s V\u00e1s\u00e1rl\u00e1s ut\u00e1n azonnal kapsz egy saj\u00e1t fi\u00f3kot, amivel bejelentkezve b\u00e1rmikor el\u00e9rheted a vide\u00f3kat a \u201eVide\u00f3edz\u00e9sek\u201d oldalon (csak a v\u00e1s\u00e1rl\u00e1s ut\u00e1n jelenik meg). A hozz\u00e1f\u00e9r\u00e9s a v\u00e1s\u00e1rl\u00e1s napj\u00e1t\u00f3l sz\u00e1m\u00edtva pontosan a v\u00e1lasztott id\u0151tartamig tart, ut\u00e1na [&hellip;]<\/p>\n","protected":false},"author":1,"featured_media":0,"parent":0,"menu_order":0,"comment_status":"closed","ping_status":"closed","template":"","meta":{"_et_pb_use_builder":"on","_et_pb_old_content":"","_et_gb_content_width":"","pmpro_default_level":"","footnotes":""},"dipi_cpt_category":[],"class_list":["post-641","page","type-page","status-publish","hentry","pmpro-has-access"],"yoast_head":"<!-- This site is optimized with the Yoast SEO plugin v27.2 - https:\/\/yoast.com\/product\/yoast-seo-wordpress\/ -->\n<title>Hogyan m\u0171k\u00f6dik? - Fitness Family<\/title>\n<meta name=\"robots\" content=\"index, follow, max-snippet:-1, max-image-preview:large, max-video-preview:-1\" \/>\n<link rel=\"canonical\" href=\"https:\/\/fitnessfamily.ro\/ro\/hogyan-mukodik\/\" \/>\n<meta property=\"og:locale\" content=\"ro_RO\" \/>\n<meta property=\"og:type\" content=\"article\" \/>\n<meta property=\"og:title\" content=\"Hogyan m\u0171k\u00f6dik? - Fitness Family\" \/>\n<meta property=\"og:description\" content=\"Gyakori k\u00e9rd\u00e9sekA Fitness Family online vide\u00f3s edz\u00e9sprogramokat k\u00edn\u00e1l. H\u00e1rom csomag k\u00f6z\u00fcl v\u00e1laszthatsz: 1 h\u00f3napos hozz\u00e1f\u00e9r\u00e9s 3 h\u00f3napos hozz\u00e1f\u00e9r\u00e9s 1 \u00e9ves hozz\u00e1f\u00e9r\u00e9s V\u00e1s\u00e1rl\u00e1s ut\u00e1n azonnal kapsz egy saj\u00e1t fi\u00f3kot, amivel bejelentkezve b\u00e1rmikor el\u00e9rheted a vide\u00f3kat a \u201eVide\u00f3edz\u00e9sek\u201d oldalon (csak a v\u00e1s\u00e1rl\u00e1s ut\u00e1n jelenik meg). A hozz\u00e1f\u00e9r\u00e9s a v\u00e1s\u00e1rl\u00e1s napj\u00e1t\u00f3l sz\u00e1m\u00edtva pontosan a v\u00e1lasztott id\u0151tartamig tart, ut\u00e1na [&hellip;]\" \/>\n<meta property=\"og:url\" content=\"https:\/\/fitnessfamily.ro\/ro\/hogyan-mukodik\/\" \/>\n<meta property=\"og:site_name\" content=\"Fitness Family\" \/>\n<meta property=\"article:publisher\" content=\"https:\/\/www.facebook.com\/mozogjszilagynagyfalu\" \/>\n<meta property=\"article:modified_time\" content=\"2025-12-29T11:21:39+00:00\" \/>\n<meta name=\"twitter:card\" content=\"summary_large_image\" \/>\n<meta name=\"twitter:label1\" content=\"Timp estimat pentru citire\" \/>\n\t<meta name=\"twitter:data1\" content=\"5 minute\" \/>\n<script type=\"application\/ld+json\" class=\"yoast-schema-graph\">{\"@context\":\"https:\/\/schema.org\",\"@graph\":[{\"@type\":\"WebPage\",\"@id\":\"https:\/\/fitnessfamily.ro\/hogyan-mukodik\/\",\"url\":\"https:\/\/fitnessfamily.ro\/hogyan-mukodik\/\",\"name\":\"Hogyan m\u0171k\u00f6dik? - Fitness Family\",\"isPartOf\":{\"@id\":\"https:\/\/fitnessfamily.ro\/#website\"},\"datePublished\":\"2025-12-29T11:12:34+00:00\",\"dateModified\":\"2025-12-29T11:21:39+00:00\",\"breadcrumb\":{\"@id\":\"https:\/\/fitnessfamily.ro\/hogyan-mukodik\/#breadcrumb\"},\"inLanguage\":\"ro-RO\",\"potentialAction\":[{\"@type\":\"ReadAction\",\"target\":[\"https:\/\/fitnessfamily.ro\/hogyan-mukodik\/\"]}]},{\"@type\":\"BreadcrumbList\",\"@id\":\"https:\/\/fitnessfamily.ro\/hogyan-mukodik\/#breadcrumb\",\"itemListElement\":[{\"@type\":\"ListItem\",\"position\":1,\"name\":\"Kezd\u0151lap\",\"item\":\"https:\/\/fitnessfamily.ro\/\"},{\"@type\":\"ListItem\",\"position\":2,\"name\":\"Hogyan m\u0171k\u00f6dik?\"}]},{\"@type\":\"WebSite\",\"@id\":\"https:\/\/fitnessfamily.ro\/#website\",\"url\":\"https:\/\/fitnessfamily.ro\/\",\"name\":\"Fitness Family\",\"description\":\"Vide\u00f3s edz\u00e9stervek \u00e9s csoportos edz\u00e9sek Kocsis \u00c9v\u00e1val\",\"publisher\":{\"@id\":\"https:\/\/fitnessfamily.ro\/#organization\"},\"potentialAction\":[{\"@type\":\"SearchAction\",\"target\":{\"@type\":\"EntryPoint\",\"urlTemplate\":\"https:\/\/fitnessfamily.ro\/?s={search_term_string}\"},\"query-input\":{\"@type\":\"PropertyValueSpecification\",\"valueRequired\":true,\"valueName\":\"search_term_string\"}}],\"inLanguage\":\"ro-RO\"},{\"@type\":\"Organization\",\"@id\":\"https:\/\/fitnessfamily.ro\/#organization\",\"name\":\"Fitness Family\",\"url\":\"https:\/\/fitnessfamily.ro\/\",\"logo\":{\"@type\":\"ImageObject\",\"inLanguage\":\"ro-RO\",\"@id\":\"https:\/\/fitnessfamily.ro\/#\/schema\/logo\/image\/\",\"url\":\"https:\/\/fitnessfamily.ro\/wp-content\/uploads\/2025\/06\/Logo-FitnessFamily.webp\",\"contentUrl\":\"https:\/\/fitnessfamily.ro\/wp-content\/uploads\/2025\/06\/Logo-FitnessFamily.webp\",\"width\":600,\"height\":127,\"caption\":\"Fitness Family\"},\"image\":{\"@id\":\"https:\/\/fitnessfamily.ro\/#\/schema\/logo\/image\/\"},\"sameAs\":[\"https:\/\/www.facebook.com\/mozogjszilagynagyfalu\"]}]}<\/script>\n<!-- \/ Yoast SEO plugin. -->","yoast_head_json":{"title":"Hogyan m\u0171k\u00f6dik? - Fitness Family","robots":{"index":"index","follow":"follow","max-snippet":"max-snippet:-1","max-image-preview":"max-image-preview:large","max-video-preview":"max-video-preview:-1"},"canonical":"https:\/\/fitnessfamily.ro\/ro\/hogyan-mukodik\/","og_locale":"ro_RO","og_type":"article","og_title":"Hogyan m\u0171k\u00f6dik? - Fitness Family","og_description":"Gyakori k\u00e9rd\u00e9sekA Fitness Family online vide\u00f3s edz\u00e9sprogramokat k\u00edn\u00e1l. H\u00e1rom csomag k\u00f6z\u00fcl v\u00e1laszthatsz: 1 h\u00f3napos hozz\u00e1f\u00e9r\u00e9s 3 h\u00f3napos hozz\u00e1f\u00e9r\u00e9s 1 \u00e9ves hozz\u00e1f\u00e9r\u00e9s V\u00e1s\u00e1rl\u00e1s ut\u00e1n azonnal kapsz egy saj\u00e1t fi\u00f3kot, amivel bejelentkezve b\u00e1rmikor el\u00e9rheted a vide\u00f3kat a \u201eVide\u00f3edz\u00e9sek\u201d oldalon (csak a v\u00e1s\u00e1rl\u00e1s ut\u00e1n jelenik meg). A hozz\u00e1f\u00e9r\u00e9s a v\u00e1s\u00e1rl\u00e1s napj\u00e1t\u00f3l sz\u00e1m\u00edtva pontosan a v\u00e1lasztott id\u0151tartamig tart, ut\u00e1na [&hellip;]","og_url":"https:\/\/fitnessfamily.ro\/ro\/hogyan-mukodik\/","og_site_name":"Fitness Family","article_publisher":"https:\/\/www.facebook.com\/mozogjszilagynagyfalu","article_modified_time":"2025-12-29T11:21:39+00:00","twitter_card":"summary_large_image","twitter_misc":{"Timp estimat pentru citire":"5 minute"},"schema":{"@context":"https:\/\/schema.org","@graph":[{"@type":"WebPage","@id":"https:\/\/fitnessfamily.ro\/hogyan-mukodik\/","url":"https:\/\/fitnessfamily.ro\/hogyan-mukodik\/","name":"Hogyan m\u0171k\u00f6dik? - Fitness Family","isPartOf":{"@id":"https:\/\/fitnessfamily.ro\/#website"},"datePublished":"2025-12-29T11:12:34+00:00","dateModified":"2025-12-29T11:21:39+00:00","breadcrumb":{"@id":"https:\/\/fitnessfamily.ro\/hogyan-mukodik\/#breadcrumb"},"inLanguage":"ro-RO","potentialAction":[{"@type":"ReadAction","target":["https:\/\/fitnessfamily.ro\/hogyan-mukodik\/"]}]},{"@type":"BreadcrumbList","@id":"https:\/\/fitnessfamily.ro\/hogyan-mukodik\/#breadcrumb","itemListElement":[{"@type":"ListItem","position":1,"name":"Kezd\u0151lap","item":"https:\/\/fitnessfamily.ro\/"},{"@type":"ListItem","position":2,"name":"Hogyan m\u0171k\u00f6dik?"}]},{"@type":"WebSite","@id":"https:\/\/fitnessfamily.ro\/#website","url":"https:\/\/fitnessfamily.ro\/","name":"Fitness Family","description":"Vide\u00f3s edz\u00e9stervek \u00e9s csoportos edz\u00e9sek Kocsis \u00c9v\u00e1val","publisher":{"@id":"https:\/\/fitnessfamily.ro\/#organization"},"potentialAction":[{"@type":"SearchAction","target":{"@type":"EntryPoint","urlTemplate":"https:\/\/fitnessfamily.ro\/?s={search_term_string}"},"query-input":{"@type":"PropertyValueSpecification","valueRequired":true,"valueName":"search_term_string"}}],"inLanguage":"ro-RO"},{"@type":"Organization","@id":"https:\/\/fitnessfamily.ro\/#organization","name":"Fitness Family","url":"https:\/\/fitnessfamily.ro\/","logo":{"@type":"ImageObject","inLanguage":"ro-RO","@id":"https:\/\/fitnessfamily.ro\/#\/schema\/logo\/image\/","url":"https:\/\/fitnessfamily.ro\/wp-content\/uploads\/2025\/06\/Logo-FitnessFamily.webp","contentUrl":"https:\/\/fitnessfamily.ro\/wp-content\/uploads\/2025\/06\/Logo-FitnessFamily.webp","width":600,"height":127,"caption":"Fitness Family"},"image":{"@id":"https:\/\/fitnessfamily.ro\/#\/schema\/logo\/image\/"},"sameAs":["https:\/\/www.facebook.com\/mozogjszilagynagyfalu"]}]}},"_links":{"self":[{"href":"https:\/\/fitnessfamily.ro\/ro\/wp-json\/wp\/v2\/pages\/641","targetHints":{"allow":["GET"]}}],"collection":[{"href":"https:\/\/fitnessfamily.ro\/ro\/wp-json\/wp\/v2\/pages"}],"about":[{"href":"https:\/\/fitnessfamily.ro\/ro\/wp-json\/wp\/v2\/types\/page"}],"author":[{"embeddable":true,"href":"https:\/\/fitnessfamily.ro\/ro\/wp-json\/wp\/v2\/users\/1"}],"replies":[{"embeddable":true,"href":"https:\/\/fitnessfamily.ro\/ro\/wp-json\/wp\/v2\/comments?post=641"}],"version-history":[{"count":4,"href":"https:\/\/fitnessfamily.ro\/ro\/wp-json\/wp\/v2\/pages\/641\/revisions"}],"predecessor-version":[{"id":647,"href":"https:\/\/fitnessfamily.ro\/ro\/wp-json\/wp\/v2\/pages\/641\/revisions\/647"}],"wp:attachment":[{"href":"https:\/\/fitnessfamily.ro\/ro\/wp-json\/wp\/v2\/media?parent=641"}],"wp:term":[{"taxonomy":"dipi_cpt_category","embeddable":true,"href":"https:\/\/fitnessfamily.ro\/ro\/wp-json\/wp\/v2\/dipi_cpt_category?post=641"}],"curies":[{"name":"wp","href":"https:\/\/api.w.org\/{rel}","templated":true}]}}